{"id":394,"date":"2025-05-05T10:01:13","date_gmt":"2025-05-05T08:01:13","guid":{"rendered":"https:\/\/teset.local\/cookies\/"},"modified":"2025-07-07T10:30:31","modified_gmt":"2025-07-07T08:30:31","slug":"cookies","status":"publish","type":"page","link":"https:\/\/tesetcapital.com\/es\/cookies\/","title":{"rendered":"cookies"},"content":{"rendered":"","protected":false},"excerpt":{"rendered":"","protected":false},"author":1,"featured_media":0,"parent":0,"menu_order":0,"comment_status":"closed","ping_status":"closed","template":"page-legal.php","meta":{"_acf_changed":false},"class_list":["post-394","page","type-page","status-publish","hentry"],"acf":[],"yoast_head":"<!-- This site is optimized with the Yoast SEO plugin v25.4 - https:\/\/yoast.com\/wordpress\/plugins\/seo\/ -->\n<title>Pol\u00edtica de cookies - Teset Capital<\/title>\n<meta name=\"description\" content=\"Consulte la Pol\u00edtica de Cookies de Teset Capital para conocer c\u00f3mo usamos cookies y mejorar su experiencia de navegaci\u00f3n de forma segura.\" \/>\n<meta name=\"robots\" content=\"index, follow, max-snippet:-1, max-image-preview:large, max-video-preview:-1\" \/>\n<link rel=\"canonical\" href=\"https:\/\/tesetcapital.com\/es\/cookies\/\" \/>\n<meta property=\"og:locale\" content=\"es_ES\" \/>\n<meta property=\"og:type\" content=\"article\" \/>\n<meta property=\"og:title\" content=\"Pol\u00edtica de cookies - Teset Capital\" \/>\n<meta property=\"og:description\" content=\"Consulte la Pol\u00edtica de Cookies de Teset Capital para conocer c\u00f3mo usamos cookies y mejorar su experiencia de navegaci\u00f3n de forma segura.\" \/>\n<meta property=\"og:url\" content=\"https:\/\/tesetcapital.com\/es\/cookies\/\" \/>\n<meta property=\"og:site_name\" content=\"Teset Capital\" \/>\n<meta property=\"article:modified_time\" content=\"2025-07-07T08:30:31+00:00\" \/>\n<meta property=\"og:image\" content=\"https:\/\/tesetcapital.com\/wp-content\/uploads\/2025\/06\/Teset_logo.jpg\" \/>\n\t<meta property=\"og:image:width\" content=\"1200\" \/>\n\t<meta property=\"og:image:height\" content=\"630\" \/>\n\t<meta property=\"og:image:type\" content=\"image\/jpeg\" \/>\n<meta name=\"twitter:card\" content=\"summary_large_image\" \/>\n<script type=\"application\/ld+json\" class=\"yoast-schema-graph\">{\"@context\":\"https:\/\/schema.org\",\"@graph\":[{\"@type\":\"WebPage\",\"@id\":\"https:\/\/tesetcapital.com\/es\/cookies\/\",\"url\":\"https:\/\/tesetcapital.com\/es\/cookies\/\",\"name\":\"Pol\u00edtica de cookies - Teset Capital\",\"isPartOf\":{\"@id\":\"https:\/\/tesetcapital.com\/#website\"},\"datePublished\":\"2025-05-05T08:01:13+00:00\",\"dateModified\":\"2025-07-07T08:30:31+00:00\",\"description\":\"Consulte la Pol\u00edtica de Cookies de Teset Capital para conocer c\u00f3mo usamos cookies y mejorar su experiencia de navegaci\u00f3n de forma segura.\",\"breadcrumb\":{\"@id\":\"https:\/\/tesetcapital.com\/es\/cookies\/#breadcrumb\"},\"inLanguage\":\"es\",\"potentialAction\":[{\"@type\":\"ReadAction\",\"target\":[\"https:\/\/tesetcapital.com\/es\/cookies\/\"]}]},{\"@type\":\"BreadcrumbList\",\"@id\":\"https:\/\/tesetcapital.com\/es\/cookies\/#breadcrumb\",\"itemListElement\":[{\"@type\":\"ListItem\",\"position\":1,\"name\":\"Home\",\"item\":\"https:\/\/tesetcapital.com\/es\/\"},{\"@type\":\"ListItem\",\"position\":2,\"name\":\"cookies\"}]},{\"@type\":\"WebSite\",\"@id\":\"https:\/\/tesetcapital.com\/#website\",\"url\":\"https:\/\/tesetcapital.com\/\",\"name\":\"Teset Capital\",\"description\":\"\",\"publisher\":{\"@id\":\"https:\/\/tesetcapital.com\/#organization\"},\"potentialAction\":[{\"@type\":\"SearchAction\",\"target\":{\"@type\":\"EntryPoint\",\"urlTemplate\":\"https:\/\/tesetcapital.com\/?s={search_term_string}\"},\"query-input\":{\"@type\":\"PropertyValueSpecification\",\"valueRequired\":true,\"valueName\":\"search_term_string\"}}],\"inLanguage\":\"es\"},{\"@type\":\"Organization\",\"@id\":\"https:\/\/tesetcapital.com\/#organization\",\"name\":\"Teset Capital\",\"url\":\"https:\/\/tesetcapital.com\/\",\"logo\":{\"@type\":\"ImageObject\",\"inLanguage\":\"es\",\"@id\":\"https:\/\/tesetcapital.com\/#\/schema\/logo\/image\/\",\"url\":\"https:\/\/tesetcapital.com\/wp-content\/uploads\/2025\/06\/Teset_logo.jpg\",\"contentUrl\":\"https:\/\/tesetcapital.com\/wp-content\/uploads\/2025\/06\/Teset_logo.jpg\",\"width\":1200,\"height\":630,\"caption\":\"Teset Capital\"},\"image\":{\"@id\":\"https:\/\/tesetcapital.com\/#\/schema\/logo\/image\/\"}}]}<\/script>\n<!-- \/ Yoast SEO plugin. -->","yoast_head_json":{"title":"Pol\u00edtica de cookies - Teset Capital","description":"Consulte la Pol\u00edtica de Cookies de Teset Capital para conocer c\u00f3mo usamos cookies y mejorar su experiencia de navegaci\u00f3n de forma segura.","robots":{"index":"index","follow":"follow","max-snippet":"max-snippet:-1","max-image-preview":"max-image-preview:large","max-video-preview":"max-video-preview:-1"},"canonical":"https:\/\/tesetcapital.com\/es\/cookies\/","og_locale":"es_ES","og_type":"article","og_title":"Pol\u00edtica de cookies - Teset Capital","og_description":"Consulte la Pol\u00edtica de Cookies de Teset Capital para conocer c\u00f3mo usamos cookies y mejorar su experiencia de navegaci\u00f3n de forma segura.","og_url":"https:\/\/tesetcapital.com\/es\/cookies\/","og_site_name":"Teset Capital","article_modified_time":"2025-07-07T08:30:31+00:00","og_image":[{"width":1200,"height":630,"url":"https:\/\/tesetcapital.com\/wp-content\/uploads\/2025\/06\/Teset_logo.jpg","type":"image\/jpeg"}],"twitter_card":"summary_large_image","schema":{"@context":"https:\/\/schema.org","@graph":[{"@type":"WebPage","@id":"https:\/\/tesetcapital.com\/es\/cookies\/","url":"https:\/\/tesetcapital.com\/es\/cookies\/","name":"Pol\u00edtica de cookies - Teset Capital","isPartOf":{"@id":"https:\/\/tesetcapital.com\/#website"},"datePublished":"2025-05-05T08:01:13+00:00","dateModified":"2025-07-07T08:30:31+00:00","description":"Consulte la Pol\u00edtica de Cookies de Teset Capital para conocer c\u00f3mo usamos cookies y mejorar su experiencia de navegaci\u00f3n de forma segura.","breadcrumb":{"@id":"https:\/\/tesetcapital.com\/es\/cookies\/#breadcrumb"},"inLanguage":"es","potentialAction":[{"@type":"ReadAction","target":["https:\/\/tesetcapital.com\/es\/cookies\/"]}]},{"@type":"BreadcrumbList","@id":"https:\/\/tesetcapital.com\/es\/cookies\/#breadcrumb","itemListElement":[{"@type":"ListItem","position":1,"name":"Home","item":"https:\/\/tesetcapital.com\/es\/"},{"@type":"ListItem","position":2,"name":"cookies"}]},{"@type":"WebSite","@id":"https:\/\/tesetcapital.com\/#website","url":"https:\/\/tesetcapital.com\/","name":"Teset Capital","description":"","publisher":{"@id":"https:\/\/tesetcapital.com\/#organization"},"potentialAction":[{"@type":"SearchAction","target":{"@type":"EntryPoint","urlTemplate":"https:\/\/tesetcapital.com\/?s={search_term_string}"},"query-input":{"@type":"PropertyValueSpecification","valueRequired":true,"valueName":"search_term_string"}}],"inLanguage":"es"},{"@type":"Organization","@id":"https:\/\/tesetcapital.com\/#organization","name":"Teset Capital","url":"https:\/\/tesetcapital.com\/","logo":{"@type":"ImageObject","inLanguage":"es","@id":"https:\/\/tesetcapital.com\/#\/schema\/logo\/image\/","url":"https:\/\/tesetcapital.com\/wp-content\/uploads\/2025\/06\/Teset_logo.jpg","contentUrl":"https:\/\/tesetcapital.com\/wp-content\/uploads\/2025\/06\/Teset_logo.jpg","width":1200,"height":630,"caption":"Teset Capital"},"image":{"@id":"https:\/\/tesetcapital.com\/#\/schema\/logo\/image\/"}}]}},"_links":{"self":[{"href":"https:\/\/tesetcapital.com\/es\/wp-json\/wp\/v2\/pages\/394","targetHints":{"allow":["GET"]}}],"collection":[{"href":"https:\/\/tesetcapital.com\/es\/wp-json\/wp\/v2\/pages"}],"about":[{"href":"https:\/\/tesetcapital.com\/es\/wp-json\/wp\/v2\/types\/page"}],"author":[{"embeddable":true,"href":"https:\/\/tesetcapital.com\/es\/wp-json\/wp\/v2\/users\/1"}],"replies":[{"embeddable":true,"href":"https:\/\/tesetcapital.com\/es\/wp-json\/wp\/v2\/comments?post=394"}],"version-history":[{"count":2,"href":"https:\/\/tesetcapital.com\/es\/wp-json\/wp\/v2\/pages\/394\/revisions"}],"predecessor-version":[{"id":1417,"href":"https:\/\/tesetcapital.com\/es\/wp-json\/wp\/v2\/pages\/394\/revisions\/1417"}],"wp:attachment":[{"href":"https:\/\/tesetcapital.com\/es\/wp-json\/wp\/v2\/media?parent=394"}],"curies":[{"name":"wp","href":"https:\/\/api.w.org\/{rel}","templated":true}]}}