{"id":385,"date":"2025-05-05T09:47:07","date_gmt":"2025-05-05T07:47:07","guid":{"rendered":"https:\/\/teset.local\/projects\/"},"modified":"2025-06-13T13:55:38","modified_gmt":"2025-06-13T11:55:38","slug":"proyectos","status":"publish","type":"page","link":"https:\/\/tesetcapital.com\/es\/proyectos\/","title":{"rendered":"proyectos"},"content":{"rendered":"","protected":false},"excerpt":{"rendered":"","protected":false},"author":1,"featured_media":0,"parent":0,"menu_order":0,"comment_status":"closed","ping_status":"closed","template":"page-projects.php","meta":{"_acf_changed":false},"class_list":["post-385","page","type-page","status-publish","hentry"],"acf":[],"yoast_head":"<!-- This site is optimized with the Yoast SEO plugin v25.4 - https:\/\/yoast.com\/wordpress\/plugins\/seo\/ -->\n<title>Proyectos - Teset Capital<\/title>\n<meta name=\"description\" content=\"Descubra la cartera de infraestructuras de Teset Capital\u2014proyectos transformadores en energ\u00eda, telecomunicaciones y m\u00e1s, dise\u00f1ados para generar impacto.\" \/>\n<meta name=\"robots\" content=\"index, follow, max-snippet:-1, max-image-preview:large, max-video-preview:-1\" \/>\n<link rel=\"canonical\" href=\"https:\/\/tesetcapital.com\/es\/proyectos\/\" \/>\n<meta property=\"og:locale\" content=\"es_ES\" \/>\n<meta property=\"og:type\" content=\"article\" \/>\n<meta property=\"og:title\" content=\"Proyectos - Teset Capital\" \/>\n<meta property=\"og:description\" content=\"Descubra la cartera de infraestructuras de Teset Capital\u2014proyectos transformadores en energ\u00eda, telecomunicaciones y m\u00e1s, dise\u00f1ados para generar impacto.\" \/>\n<meta property=\"og:url\" content=\"https:\/\/tesetcapital.com\/es\/proyectos\/\" \/>\n<meta property=\"og:site_name\" content=\"Teset Capital\" \/>\n<meta property=\"article:modified_time\" content=\"2025-06-13T11:55:38+00:00\" \/>\n<meta property=\"og:image\" content=\"https:\/\/tesetcapital.com\/wp-content\/uploads\/2025\/06\/Teset_logo.jpg\" \/>\n\t<meta property=\"og:image:width\" content=\"1200\" \/>\n\t<meta property=\"og:image:height\" content=\"630\" \/>\n\t<meta property=\"og:image:type\" content=\"image\/jpeg\" \/>\n<meta name=\"twitter:card\" content=\"summary_large_image\" \/>\n<script type=\"application\/ld+json\" class=\"yoast-schema-graph\">{\"@context\":\"https:\/\/schema.org\",\"@graph\":[{\"@type\":\"WebPage\",\"@id\":\"https:\/\/tesetcapital.com\/es\/proyectos\/\",\"url\":\"https:\/\/tesetcapital.com\/es\/proyectos\/\",\"name\":\"Proyectos - Teset Capital\",\"isPartOf\":{\"@id\":\"https:\/\/tesetcapital.com\/#website\"},\"datePublished\":\"2025-05-05T07:47:07+00:00\",\"dateModified\":\"2025-06-13T11:55:38+00:00\",\"description\":\"Descubra la cartera de infraestructuras de Teset Capital\u2014proyectos transformadores en energ\u00eda, telecomunicaciones y m\u00e1s, dise\u00f1ados para generar impacto.\",\"breadcrumb\":{\"@id\":\"https:\/\/tesetcapital.com\/es\/proyectos\/#breadcrumb\"},\"inLanguage\":\"es\",\"potentialAction\":[{\"@type\":\"ReadAction\",\"target\":[\"https:\/\/tesetcapital.com\/es\/proyectos\/\"]}]},{\"@type\":\"BreadcrumbList\",\"@id\":\"https:\/\/tesetcapital.com\/es\/proyectos\/#breadcrumb\",\"itemListElement\":[{\"@type\":\"ListItem\",\"position\":1,\"name\":\"Home\",\"item\":\"https:\/\/tesetcapital.com\/es\/\"},{\"@type\":\"ListItem\",\"position\":2,\"name\":\"proyectos\"}]},{\"@type\":\"WebSite\",\"@id\":\"https:\/\/tesetcapital.com\/#website\",\"url\":\"https:\/\/tesetcapital.com\/\",\"name\":\"Teset Capital\",\"description\":\"\",\"publisher\":{\"@id\":\"https:\/\/tesetcapital.com\/#organization\"},\"potentialAction\":[{\"@type\":\"SearchAction\",\"target\":{\"@type\":\"EntryPoint\",\"urlTemplate\":\"https:\/\/tesetcapital.com\/?s={search_term_string}\"},\"query-input\":{\"@type\":\"PropertyValueSpecification\",\"valueRequired\":true,\"valueName\":\"search_term_string\"}}],\"inLanguage\":\"es\"},{\"@type\":\"Organization\",\"@id\":\"https:\/\/tesetcapital.com\/#organization\",\"name\":\"Teset Capital\",\"url\":\"https:\/\/tesetcapital.com\/\",\"logo\":{\"@type\":\"ImageObject\",\"inLanguage\":\"es\",\"@id\":\"https:\/\/tesetcapital.com\/#\/schema\/logo\/image\/\",\"url\":\"https:\/\/tesetcapital.com\/wp-content\/uploads\/2025\/06\/Teset_logo.jpg\",\"contentUrl\":\"https:\/\/tesetcapital.com\/wp-content\/uploads\/2025\/06\/Teset_logo.jpg\",\"width\":1200,\"height\":630,\"caption\":\"Teset Capital\"},\"image\":{\"@id\":\"https:\/\/tesetcapital.com\/#\/schema\/logo\/image\/\"}}]}<\/script>\n<!-- \/ Yoast SEO plugin. -->","yoast_head_json":{"title":"Proyectos - Teset Capital","description":"Descubra la cartera de infraestructuras de Teset Capital\u2014proyectos transformadores en energ\u00eda, telecomunicaciones y m\u00e1s, dise\u00f1ados para generar impacto.","robots":{"index":"index","follow":"follow","max-snippet":"max-snippet:-1","max-image-preview":"max-image-preview:large","max-video-preview":"max-video-preview:-1"},"canonical":"https:\/\/tesetcapital.com\/es\/proyectos\/","og_locale":"es_ES","og_type":"article","og_title":"Proyectos - Teset Capital","og_description":"Descubra la cartera de infraestructuras de Teset Capital\u2014proyectos transformadores en energ\u00eda, telecomunicaciones y m\u00e1s, dise\u00f1ados para generar impacto.","og_url":"https:\/\/tesetcapital.com\/es\/proyectos\/","og_site_name":"Teset Capital","article_modified_time":"2025-06-13T11:55:38+00:00","og_image":[{"width":1200,"height":630,"url":"https:\/\/tesetcapital.com\/wp-content\/uploads\/2025\/06\/Teset_logo.jpg","type":"image\/jpeg"}],"twitter_card":"summary_large_image","schema":{"@context":"https:\/\/schema.org","@graph":[{"@type":"WebPage","@id":"https:\/\/tesetcapital.com\/es\/proyectos\/","url":"https:\/\/tesetcapital.com\/es\/proyectos\/","name":"Proyectos - Teset Capital","isPartOf":{"@id":"https:\/\/tesetcapital.com\/#website"},"datePublished":"2025-05-05T07:47:07+00:00","dateModified":"2025-06-13T11:55:38+00:00","description":"Descubra la cartera de infraestructuras de Teset Capital\u2014proyectos transformadores en energ\u00eda, telecomunicaciones y m\u00e1s, dise\u00f1ados para generar impacto.","breadcrumb":{"@id":"https:\/\/tesetcapital.com\/es\/proyectos\/#breadcrumb"},"inLanguage":"es","potentialAction":[{"@type":"ReadAction","target":["https:\/\/tesetcapital.com\/es\/proyectos\/"]}]},{"@type":"BreadcrumbList","@id":"https:\/\/tesetcapital.com\/es\/proyectos\/#breadcrumb","itemListElement":[{"@type":"ListItem","position":1,"name":"Home","item":"https:\/\/tesetcapital.com\/es\/"},{"@type":"ListItem","position":2,"name":"proyectos"}]},{"@type":"WebSite","@id":"https:\/\/tesetcapital.com\/#website","url":"https:\/\/tesetcapital.com\/","name":"Teset Capital","description":"","publisher":{"@id":"https:\/\/tesetcapital.com\/#organization"},"potentialAction":[{"@type":"SearchAction","target":{"@type":"EntryPoint","urlTemplate":"https:\/\/tesetcapital.com\/?s={search_term_string}"},"query-input":{"@type":"PropertyValueSpecification","valueRequired":true,"valueName":"search_term_string"}}],"inLanguage":"es"},{"@type":"Organization","@id":"https:\/\/tesetcapital.com\/#organization","name":"Teset Capital","url":"https:\/\/tesetcapital.com\/","logo":{"@type":"ImageObject","inLanguage":"es","@id":"https:\/\/tesetcapital.com\/#\/schema\/logo\/image\/","url":"https:\/\/tesetcapital.com\/wp-content\/uploads\/2025\/06\/Teset_logo.jpg","contentUrl":"https:\/\/tesetcapital.com\/wp-content\/uploads\/2025\/06\/Teset_logo.jpg","width":1200,"height":630,"caption":"Teset Capital"},"image":{"@id":"https:\/\/tesetcapital.com\/#\/schema\/logo\/image\/"}}]}},"_links":{"self":[{"href":"https:\/\/tesetcapital.com\/es\/wp-json\/wp\/v2\/pages\/385","targetHints":{"allow":["GET"]}}],"collection":[{"href":"https:\/\/tesetcapital.com\/es\/wp-json\/wp\/v2\/pages"}],"about":[{"href":"https:\/\/tesetcapital.com\/es\/wp-json\/wp\/v2\/types\/page"}],"author":[{"embeddable":true,"href":"https:\/\/tesetcapital.com\/es\/wp-json\/wp\/v2\/users\/1"}],"replies":[{"embeddable":true,"href":"https:\/\/tesetcapital.com\/es\/wp-json\/wp\/v2\/comments?post=385"}],"version-history":[{"count":5,"href":"https:\/\/tesetcapital.com\/es\/wp-json\/wp\/v2\/pages\/385\/revisions"}],"predecessor-version":[{"id":646,"href":"https:\/\/tesetcapital.com\/es\/wp-json\/wp\/v2\/pages\/385\/revisions\/646"}],"wp:attachment":[{"href":"https:\/\/tesetcapital.com\/es\/wp-json\/wp\/v2\/media?parent=385"}],"curies":[{"name":"wp","href":"https:\/\/api.w.org\/{rel}","templated":true}]}}